{"id":936,"date":"2021-01-09T18:38:37","date_gmt":"2021-01-09T17:38:37","guid":{"rendered":"https:\/\/nicoleparfums.nl\/?post_type=product&#038;p=936"},"modified":"2026-04-23T15:57:55","modified_gmt":"2026-04-23T13:57:55","slug":"nicole-001-edp","status":"publish","type":"product","link":"https:\/\/nicoleparfums.nl\/hr\/proizvod\/nicole-001-edp\/","title":{"rendered":"Nicole 001 Eau de Parfum"},"content":{"rendered":"<p>Nicole 001 EDP wordt beschouwd als een icoon onder damesparfums. Deze geur draagt een eenvoudige naam die luxe en elegantie uitstraalt, en is niet alleen een parfum maar een waar meesterwerk. Het is een geur die synoniem staat voor prestige en verfijning en een rijke geschiedenis en erfgoed met zich meedraagt die haar onderscheidt van andere damesgeuren.<br \/>\nDeze luxueuze geur is een bloemige compositie gebaseerd op roos en jasmijn, verrijkt met frisse citrusnoten. Wat haar uniek maakt, zijn de aldehyden die een bijzondere aanwezigheid cre\u00ebren, terwijl de delicate Bourbon-vanille een onweerstaanbare sensualiteit toevoegt. Het is een parfum dat herinnerd en herkend wordt tussen alle andere.<br \/>\nEen van de kenmerken van Nicole 001 EDP is de hoge concentratie essenti\u00eble oli\u00ebn en het gebruik van kostbare grondstoffen. Een van de belangrijkste ingredi\u00ebnten is een zeldzame bloem, en alleen de meest verfijnde en hoogwaardige componenten worden toegepast bij de creatie.<\/p>\n","protected":false},"excerpt":{"rendered":"<p>Nicole 001 EDP wordt beschouwd als een icoon onder damesgeuren. Een van de belangrijkste ingredi\u00ebnten in dit parfum is een zeldzame bloem, en alleen de fijnste en meest hoogwaardige componenten worden gebruikt bij de productie. Nicole 001 EDP is niet zomaar een geur, maar een stuk modegeschiedenis en een parfum dat nooit uit de mode raakt.<\/p>\n","protected":false},"featured_media":28350,"comment_status":"open","ping_status":"closed","template":"","meta":{"_acf_changed":false},"product_brand":[],"product_cat":[846,839,856],"product_tag":[],"class_list":{"0":"post-936","1":"product","2":"type-product","3":"status-publish","4":"has-post-thumbnail","6":"product_cat-chanel","7":"product_cat-dus","8":"product_cat-voor-vrouwen","10":"first","11":"instock","12":"taxable","13":"shipping-taxable","14":"purchasable","15":"product-type-variable","16":"has-default-attributes"},"acf":[],"_links":{"self":[{"href":"https:\/\/nicoleparfums.nl\/hr\/wp-json\/wp\/v2\/product\/936","targetHints":{"allow":["GET"]}}],"collection":[{"href":"https:\/\/nicoleparfums.nl\/hr\/wp-json\/wp\/v2\/product"}],"about":[{"href":"https:\/\/nicoleparfums.nl\/hr\/wp-json\/wp\/v2\/types\/product"}],"replies":[{"embeddable":true,"href":"https:\/\/nicoleparfums.nl\/hr\/wp-json\/wp\/v2\/comments?post=936"}],"version-history":[{"count":3,"href":"https:\/\/nicoleparfums.nl\/hr\/wp-json\/wp\/v2\/product\/936\/revisions"}],"predecessor-version":[{"id":41778,"href":"https:\/\/nicoleparfums.nl\/hr\/wp-json\/wp\/v2\/product\/936\/revisions\/41778"}],"wp:featuredmedia":[{"embeddable":true,"href":"https:\/\/nicoleparfums.nl\/hr\/wp-json\/wp\/v2\/media\/28350"}],"wp:attachment":[{"href":"https:\/\/nicoleparfums.nl\/hr\/wp-json\/wp\/v2\/media?parent=936"}],"wp:term":[{"taxonomy":"product_brand","embeddable":true,"href":"https:\/\/nicoleparfums.nl\/hr\/wp-json\/wp\/v2\/product_brand?post=936"},{"taxonomy":"product_cat","embeddable":true,"href":"https:\/\/nicoleparfums.nl\/hr\/wp-json\/wp\/v2\/product_cat?post=936"},{"taxonomy":"product_tag","embeddable":true,"href":"https:\/\/nicoleparfums.nl\/hr\/wp-json\/wp\/v2\/product_tag?post=936"}],"curies":[{"name":"wp","href":"https:\/\/api.w.org\/{rel}","templated":true}]}}