{"id":31215,"date":"2025-08-29T14:45:57","date_gmt":"2025-08-29T12:45:57","guid":{"rendered":"https:\/\/nicoleparfums.nl\/?page_id=31215"},"modified":"2025-08-29T14:50:37","modified_gmt":"2025-08-29T12:50:37","slug":"elementor-31215","status":"publish","type":"page","link":"https:\/\/nicoleparfums.nl\/hr\/elementor-31215\/","title":{"rendered":"Elementor #31215"},"content":{"rendered":"\t\t<div data-elementor-type=\"wp-page\" data-elementor-id=\"31215\" class=\"elementor elementor-31215\" data-elementor-post-type=\"page\">\n\t\t\t\t<div class=\"elementor-element elementor-element-4f220fb e-flex e-con-boxed e-con e-parent\" data-id=\"4f220fb\" data-element_type=\"container\" data-e-type=\"container\">\n\t\t\t\t\t<div class=\"e-con-inner\">\n\t\t\t\t<div class=\"elementor-element elementor-element-06ed648 elementor-widget__width-auto elementor-widget elementor-widget-heading\" data-id=\"06ed648\" data-element_type=\"widget\" data-e-type=\"widget\" data-widget_type=\"heading.default\">\n\t\t\t\t<div class=\"elementor-widget-container\">\n\t\t\t\t\t<h2 class=\"elementor-heading-title elementor-size-default\">Snabb leverans inom Sverige p\u00e2 1-3 arbetsdagar.\n\n<\/h2>\t\t\t\t<\/div>\n\t\t\t\t<\/div>\n\t\t\t\t<div class=\"elementor-element elementor-element-5096e76 elementor-widget elementor-widget-heading\" data-id=\"5096e76\" data-element_type=\"widget\" data-e-type=\"widget\" data-widget_type=\"heading.default\">\n\t\t\t\t<div class=\"elementor-widget-container\">\n\t\t\t\t\t<h2 class=\"elementor-heading-title elementor-size-default\">KORG<\/h2>\t\t\t\t<\/div>\n\t\t\t\t<\/div>\n\t\t\t\t\t<\/div>\n\t\t\t\t<\/div>\n\t\t\t\t<\/div>\n\t\t","protected":false},"excerpt":{"rendered":"<p>Snabb leverans inom Sverige p\u00e2 1-3 arbetsdagar. KORG Ukloni stavku Sli\u010dica Proizvod Cijena Koli\u010dina Ukupno &times; Nicole 3016 EDP inspiriran s Aventus Creed \u2013 50ml 330,00&nbsp;&euro; Nicole 3016 EDP inspiriran s Aventus Creed \u2013 50ml&nbsp; koli\u010dina 330,00&nbsp;&euro; Update Cart Apply coupon Cart Totals Ukupno 330,00&nbsp;&euro; Dostava Gratis frakt Standaard verzending: 4,95&nbsp;&euro; Opcije dostave bit \u0107e [&hellip;]<\/p>\n","protected":false},"author":947,"featured_media":0,"parent":0,"menu_order":0,"comment_status":"closed","ping_status":"closed","template":"","meta":{"_acf_changed":false,"footnotes":""},"class_list":["post-31215","page","type-page","status-publish","hentry"],"acf":[],"_links":{"self":[{"href":"https:\/\/nicoleparfums.nl\/hr\/wp-json\/wp\/v2\/pages\/31215","targetHints":{"allow":["GET"]}}],"collection":[{"href":"https:\/\/nicoleparfums.nl\/hr\/wp-json\/wp\/v2\/pages"}],"about":[{"href":"https:\/\/nicoleparfums.nl\/hr\/wp-json\/wp\/v2\/types\/page"}],"author":[{"embeddable":true,"href":"https:\/\/nicoleparfums.nl\/hr\/wp-json\/wp\/v2\/users\/947"}],"replies":[{"embeddable":true,"href":"https:\/\/nicoleparfums.nl\/hr\/wp-json\/wp\/v2\/comments?post=31215"}],"version-history":[{"count":0,"href":"https:\/\/nicoleparfums.nl\/hr\/wp-json\/wp\/v2\/pages\/31215\/revisions"}],"wp:attachment":[{"href":"https:\/\/nicoleparfums.nl\/hr\/wp-json\/wp\/v2\/media?parent=31215"}],"curies":[{"name":"wp","href":"https:\/\/api.w.org\/{rel}","templated":true}]}}